{"id":905,"date":"2019-10-08T20:40:11","date_gmt":"2019-10-08T20:40:11","guid":{"rendered":"http:\/\/pacificweb1.79pro.com\/home-copy\/"},"modified":"2021-04-13T17:59:00","modified_gmt":"2021-04-13T17:59:00","slug":"sostenibilidad","status":"publish","type":"page","link":"https:\/\/pacificfreezing.com\/es\/sostenibilidad\/","title":{"rendered":"Sostenibilidad"},"content":{"rendered":"<p><div class=\"fusion-fullwidth fullwidth-box fusion-builder-row-1 nonhundred-percent-fullwidth non-hundred-percent-height-scrolling\" style=\"background-color: rgba(255,255,255,0);background-position: left top;background-repeat: no-repeat;padding-top:63px;padding-right:0px;padding-bottom:32px;padding-left:0px;margin-bottom: 0px;margin-top: 0px;border-width: 0px 0px 0px 0px;border-color:#eae9e9;border-style:solid;\" ><div class=\"fusion-builder-row fusion-row\"><div class=\"fusion-layout-column fusion_builder_column fusion-builder-column-0 fusion_builder_column_1_1 1_1 fusion-one-full fusion-column-first fusion-column-last\" style=\"margin-top:0px;margin-bottom:40px;\"><div class=\"fusion-column-wrapper fusion-flex-column-wrapper-legacy\" style=\"background-position:left top;background-repeat:no-repeat;-webkit-background-size:cover;-moz-background-size:cover;-o-background-size:cover;background-size:cover;padding: 0px 0px 0px 0px;\"><div class=\"fusion-text fusion-text-1\"><div class=\"space-text\" style=\"text-align: center;\"><span class=\"textblacksize4\">Producci\u00f3n <span class=\"weight500\">continua y confiable<\/span><\/span><\/div>\n<\/div><div class=\"fusion-sep-clear\"><\/div><div class=\"fusion-separator fusion-full-width-sep\" style=\"margin-left: auto;margin-right: auto;margin-top:20px;width:100%;\"><\/div><div class=\"fusion-sep-clear\"><\/div><div class=\"fusion-text fusion-text-2\"><div class=\"space2\">\n<p style=\"text-align: center;\"><span class=\"textregular-white\">Las aguas del Oc\u00e9ano Pac\u00edfico, que se extienden a lo largo de la costa del Per\u00fa por 3,000 kil\u00f3metros,<br \/>\nvierten en abundancia finos pescados, mariscos, moluscos y una gama variada de especies marinas.<\/span><\/p>\n<\/div>\n<\/div><div class=\"fusion-text fusion-text-3\"><div class=\"space2\">\n<p style=\"text-align: center;\"><span class=\"textregular-white\">Las corrientes del oc\u00e9ano en esta regi\u00f3n soportan un pr\u00f3spero ecosistema marino y hacen de la<br \/>\nregi\u00f3n, una zona pesquera de primera, lo cual ha convertido al Per\u00fa en un l\u00edder de la industria<br \/>\npesquera en el \u00e1mbito mundial.<\/span><\/p>\n<\/div>\n<\/div><div class=\"fusion-clearfix\"><\/div><\/div><\/div><\/div><\/div><div class=\"fusion-fullwidth fullwidth-box fusion-builder-row-2 hundred-percent-fullwidth non-hundred-percent-height-scrolling\" style=\"background-color: rgba(255,255,255,0);background-position: center center;background-repeat: no-repeat;padding-top:0px;padding-right:0px;padding-bottom:0px;padding-left:0px;margin-bottom: 0px;margin-top: -5px;border-width: 0px 0px 0px 0px;border-color:#eae9e9;border-style:solid;\" ><div class=\"fusion-builder-row fusion-row\"><div class=\"fusion-layout-column fusion_builder_column fusion-builder-column-1 fusion_builder_column_1_1 1_1 fusion-one-full fusion-column-first fusion-column-last fusion-column-no-min-height\" style=\"margin-top:0px;margin-bottom:0px;\"><div class=\"fusion-column-wrapper fusion-flex-column-wrapper-legacy\" style=\"background-position:left top;background-repeat:no-repeat;-webkit-background-size:cover;-moz-background-size:cover;-o-background-size:cover;background-size:cover;padding: 0px 0px 0px 0px;\"><div class=\"fusion-sep-clear\"><\/div><div class=\"fusion-separator fusion-full-width-sep fusion-clearfix\" style=\"float:left;width:100%;\"><\/div><div class=\"fusion-sep-clear\"><\/div><div class=\"fusion-clearfix\"><\/div><\/div><\/div><\/div><style type=\"text\/css\">.fusion-fullwidth.fusion-builder-row-2 { overflow:visible; }<\/style><\/div><div class=\"fusion-fullwidth fullwidth-box fusion-builder-row-3 hundred-percent-fullwidth non-hundred-percent-height-scrolling fusion-equal-height-columns\" style=\"background-color: #003a70;background-position: center center;background-repeat: no-repeat;padding-top:0px;padding-right:0px;padding-bottom:0px;padding-left:0px;margin-bottom: 0px;margin-top: 0px;border-width: 0px 0px 0px 0px;border-color:#eae9e9;border-style:solid;\" ><div class=\"fusion-builder-row fusion-row\"><div class=\"fusion-layout-column fusion_builder_column fusion-builder-column-2 fusion_builder_column_1_2 1_2 fusion-one-half fusion-column-first\" style=\"margin-top:0px;margin-bottom:0px;\"><div class=\"fusion-column-wrapper fusion-flex-column-wrapper-legacy\" style=\"background-position:left top;background-repeat:no-repeat;-webkit-background-size:cover;-moz-background-size:cover;-o-background-size:cover;background-size:cover;padding: 0px 0px 0px 0px;\"><span class=\" fusion-imageframe imageframe-none imageframe-1 hover-type-none\"><img width=\"1000\" height=\"563\" src=\"http:\/\/pacificfreezing.com\/wp-content\/uploads\/2021\/03\/abastecimiento-sostenido.jpg\" class=\"img-responsive wp-image-2818\" srcset=\"https:\/\/pacificfreezing.com\/wp-content\/uploads\/2021\/03\/abastecimiento-sostenido-200x113.jpg 200w, https:\/\/pacificfreezing.com\/wp-content\/uploads\/2021\/03\/abastecimiento-sostenido-400x225.jpg 400w, https:\/\/pacificfreezing.com\/wp-content\/uploads\/2021\/03\/abastecimiento-sostenido-600x338.jpg 600w, https:\/\/pacificfreezing.com\/wp-content\/uploads\/2021\/03\/abastecimiento-sostenido-800x450.jpg 800w, https:\/\/pacificfreezing.com\/wp-content\/uploads\/2021\/03\/abastecimiento-sostenido.jpg 1000w\" sizes=\"(max-width: 800px) 100vw, 600px\" \/><\/span><div class=\"fusion-clearfix\"><\/div><\/div><\/div><div class=\"fusion-layout-column fusion_builder_column fusion-builder-column-3 fusion_builder_column_1_2 1_2 fusion-one-half fusion-column-last\" style=\"margin-top:0px;margin-bottom:0px;\"><div class=\"fusion-column-wrapper fusion-flex-column-wrapper-legacy\" style=\"background-position:left top;background-repeat:no-repeat;-webkit-background-size:cover;-moz-background-size:cover;-o-background-size:cover;background-size:cover;padding: 0px 0px 0px 0px;\"><span class=\" fusion-imageframe imageframe-none imageframe-2 hover-type-zoomin\"><img width=\"1000\" height=\"563\" src=\"http:\/\/pacificfreezing.com\/wp-content\/uploads\/2021\/03\/abastecimiento_s1.png\" class=\"img-responsive wp-image-2093\" srcset=\"https:\/\/pacificfreezing.com\/wp-content\/uploads\/2021\/03\/abastecimiento_s1-200x113.png 200w, https:\/\/pacificfreezing.com\/wp-content\/uploads\/2021\/03\/abastecimiento_s1-400x225.png 400w, https:\/\/pacificfreezing.com\/wp-content\/uploads\/2021\/03\/abastecimiento_s1-600x338.png 600w, https:\/\/pacificfreezing.com\/wp-content\/uploads\/2021\/03\/abastecimiento_s1-800x450.png 800w, https:\/\/pacificfreezing.com\/wp-content\/uploads\/2021\/03\/abastecimiento_s1.png 1000w\" sizes=\"(max-width: 800px) 100vw, 600px\" \/><\/span><div class=\"fusion-clearfix\"><\/div><\/div><\/div><div class=\"fusion-layout-column fusion_builder_column fusion-builder-column-4 fusion_builder_column_1_2 1_2 fusion-one-half fusion-column-first\" style=\"margin-top:0px;margin-bottom:0px;\"><div class=\"fusion-column-wrapper fusion-flex-column-wrapper-legacy\" style=\"background-position:left top;background-repeat:no-repeat;-webkit-background-size:cover;-moz-background-size:cover;-o-background-size:cover;background-size:cover;padding: 0px 0px 0px 0px;\"><span class=\" fusion-imageframe imageframe-none imageframe-3 hover-type-zoomin\"><img width=\"975\" height=\"543\" src=\"http:\/\/pacificfreezing.com\/wp-content\/uploads\/2019\/10\/materia-prima-frezca1.jpg\" class=\"img-responsive wp-image-985\" srcset=\"https:\/\/pacificfreezing.com\/wp-content\/uploads\/2019\/10\/materia-prima-frezca1-200x111.jpg 200w, https:\/\/pacificfreezing.com\/wp-content\/uploads\/2019\/10\/materia-prima-frezca1-400x223.jpg 400w, https:\/\/pacificfreezing.com\/wp-content\/uploads\/2019\/10\/materia-prima-frezca1-600x334.jpg 600w, https:\/\/pacificfreezing.com\/wp-content\/uploads\/2019\/10\/materia-prima-frezca1-800x446.jpg 800w, https:\/\/pacificfreezing.com\/wp-content\/uploads\/2019\/10\/materia-prima-frezca1.jpg 975w\" sizes=\"(max-width: 800px) 100vw, 600px\" \/><\/span><div class=\"fusion-clearfix\"><\/div><\/div><\/div><div class=\"fusion-layout-column fusion_builder_column fusion-builder-column-5 fusion_builder_column_1_2 1_2 fusion-one-half fusion-column-last\" style=\"margin-top:0px;margin-bottom:0px;\"><div class=\"fusion-column-wrapper fusion-flex-column-wrapper-legacy\" style=\"background-position:left top;background-repeat:no-repeat;-webkit-background-size:cover;-moz-background-size:cover;-o-background-size:cover;background-size:cover;padding: 0px 0px 0px 0px;\"><span class=\" fusion-imageframe imageframe-none imageframe-4 hover-type-none\"><img width=\"1000\" height=\"563\" src=\"http:\/\/pacificfreezing.com\/wp-content\/uploads\/2021\/03\/materia-prima.jpg\" class=\"img-responsive wp-image-2819\" srcset=\"https:\/\/pacificfreezing.com\/wp-content\/uploads\/2021\/03\/materia-prima-200x113.jpg 200w, https:\/\/pacificfreezing.com\/wp-content\/uploads\/2021\/03\/materia-prima-400x225.jpg 400w, https:\/\/pacificfreezing.com\/wp-content\/uploads\/2021\/03\/materia-prima-600x338.jpg 600w, https:\/\/pacificfreezing.com\/wp-content\/uploads\/2021\/03\/materia-prima-800x450.jpg 800w, https:\/\/pacificfreezing.com\/wp-content\/uploads\/2021\/03\/materia-prima.jpg 1000w\" sizes=\"(max-width: 800px) 100vw, 600px\" \/><\/span><div class=\"fusion-clearfix\"><\/div><\/div><\/div><\/div><\/div><div class=\"fusion-fullwidth fullwidth-box fusion-builder-row-4 hundred-percent-fullwidth non-hundred-percent-height-scrolling\" style=\"background-color: #003a70;background-position: center center;background-repeat: no-repeat;padding-top:0px;padding-right:0px;padding-bottom:0px;padding-left:0px;margin-bottom: 0px;margin-top: 0px;border-width: 0px 0px 0px 0px;border-color:#eae9e9;border-style:solid;\" ><div class=\"fusion-builder-row fusion-row\"><\/div><\/div><div class=\"fusion-fullwidth fullwidth-box fusion-builder-row-5 nonhundred-percent-fullwidth non-hundred-percent-height-scrolling\" style=\"background-color: rgba(255,255,255,0);background-position: center center;background-repeat: no-repeat;padding-top:0px;padding-right:0px;padding-bottom:0px;padding-left:0px;margin-bottom: 0px;margin-top: 0px;border-width: 0px 0px 0px 0px;border-color:transparent;border-style:solid;\" ><div class=\"fusion-builder-row fusion-row\"><div class=\"fusion-layout-column fusion_builder_column fusion-builder-column-6 fusion_builder_column_1_1 1_1 fusion-one-full fusion-column-first fusion-column-last\" style=\"margin-top:0px;margin-bottom:20px;\"><div class=\"fusion-column-wrapper fusion-flex-column-wrapper-legacy\" style=\"background-position:left top;background-repeat:no-repeat;-webkit-background-size:cover;-moz-background-size:cover;-o-background-size:cover;background-size:cover;padding: 0px 0px 0px 0px;\"><div class=\"fusion-sep-clear\"><\/div><div class=\"fusion-separator fusion-full-width-sep\" style=\"margin-left: auto;margin-right: auto;margin-top:60px;width:100%;\"><\/div><div class=\"fusion-sep-clear\"><\/div><div class=\"fusion-clearfix\"><\/div><\/div><\/div><\/div><\/div><div class=\"fusion-fullwidth fullwidth-box fusion-builder-row-6 nonhundred-percent-fullwidth non-hundred-percent-height-scrolling\" style=\"background-color: rgba(255,255,255,0);background-position: left top;background-repeat: no-repeat;padding-top:0px;padding-right:0px;padding-bottom:0px;padding-left:0px;margin-bottom: 0px;margin-top: 0px;border-width: 0px 0px 0px 0px;border-color:#eae9e9;border-style:solid;\" ><div class=\"fusion-builder-row fusion-row\"><div class=\"fusion-layout-column fusion_builder_column fusion-builder-column-7 fusion_builder_column_1_2 1_2 fusion-one-half fusion-column-first\" style=\"width:48%; margin-right: 4%;margin-top:0px;margin-bottom:0px;\"><div class=\"fusion-column-wrapper fusion-flex-column-wrapper-legacy\" style=\"background-position:left top;background-repeat:no-repeat;-webkit-background-size:cover;-moz-background-size:cover;-o-background-size:cover;background-size:cover;padding: 0px 40px 0px 40px;\"><div class=\"fusion-sep-clear\"><\/div><div class=\"fusion-separator fusion-full-width-sep\" style=\"margin-left: auto;margin-right: auto;margin-top:10px;width:100%;\"><\/div><div class=\"fusion-sep-clear\"><\/div><div class=\"fusion-builder-row fusion-builder-row-inner fusion-row\"><div class=\"fusion-layout-column fusion_builder_column_inner fusion-builder-nested-column-0 fusion_builder_column_inner_1_1 1_1 fusion-one-full fusion-column-first fusion-column-last\" style=\"margin-top:0px;margin-bottom:20px;\"><div class=\"fusion-column-wrapper fusion-flex-column-wrapper-legacy\" style=\"background-position:left top;background-repeat:no-repeat;-webkit-background-size:cover;-moz-background-size:cover;-o-background-size:cover;background-size:cover;padding: 0px 0px 0px 0px;\"><div class=\"fusion-text fusion-text-4\"><div class=\"space1\"><span class=\"textblacksize5\">Pesca<\/span><br \/>\n<span class=\"textgraysize4\">Sostenible<\/span><\/div>\n<\/div><div class=\"fusion-sep-clear\"><\/div><div class=\"fusion-separator fusion-full-width-sep\" style=\"margin-left: auto;margin-right: auto;margin-top:40px;width:100%;\"><\/div><div class=\"fusion-sep-clear\"><\/div><div class=\"fusion-text fusion-text-5\"><div style=\"text-align: justify; line-height: 1.5; font-family: Roboto; font-weight: 400; font-size: 16px; color: #000000;\">Mantenemos un firme compromiso con el cuidado ambiental y el desarrollo sostenible de nuestra industria.<\/div>\n<\/div><div class=\"fusion-sep-clear\"><\/div><div class=\"fusion-separator fusion-full-width-sep\" style=\"margin-left: auto;margin-right: auto;margin-top:20px;width:100%;\"><\/div><div class=\"fusion-sep-clear\"><\/div><div class=\"fusion-text fusion-text-6\"><div style=\"text-align: justify; line-height: 1.5; font-family: Roboto; font-weight: 400; font-size: 16px; color: #000000;\">Nuestra responsabilidad como empresa va m\u00e1s all\u00e1 del cumplimiento de las leyes y normas que regulan nuestras actividades. Por ello contamos con <span class=\"weight600\">plantas propias para el tratamiento de agua residuales<\/span> y fomentamos el <span class=\"weight600\">desarrollo de pescadores artesanales del norte peruano<\/span> a trav\u00e9s de nuestras alianzas de abastecimiento.<\/div>\n<\/div><div class=\"fusion-sep-clear\"><\/div><div class=\"fusion-separator fusion-full-width-sep\" style=\"margin-left: auto;margin-right: auto;margin-top:20px;width:100%;\"><\/div><div class=\"fusion-sep-clear\"><\/div><div class=\"fusion-text fusion-text-7\"><div style=\"text-align: justify; line-height: 1.5; font-family: Roboto; font-weight: 400; font-size: 16px;color: #000000;\">Estamos comprometidos en impulsar la protecci\u00f3n del ecosistema, a trav\u00e9s de la pesca sostenible, trabajando de la mano con:<\/div>\n<\/div><div class=\"fusion-sep-clear\"><\/div><div class=\"fusion-separator fusion-full-width-sep\" style=\"margin-left: auto;margin-right: auto;margin-top:10px;width:100%;\"><\/div><div class=\"fusion-sep-clear\"><\/div><div class=\"fusion-text fusion-text-8\"><div class=\"sostenibilidad-p\">&#8211; <a href=\"https:\/\/cedepesca.net\/proyectos\/peruvian-hake\/\" target=\"_blank\" rel=\"noopener\">FIP MERLUZA<\/a><br \/>&#8211; <span style=\"color: #000000;\">CAPECAL<\/span><br \/>&#8211; <span style=\"color: #000000;\">PERU MAHI ALLIANCE<\/span><\/div>\n<div class=\"sostenibilidad-p\"><img class=\"alignnone size-full wp-image-2039\" src=\"\/wp-content\/uploads\/2021\/03\/logo.jpg\" alt=\"\" width=\"175\" height=\"87\" \/><\/div>\n<\/div><div class=\"fusion-clearfix\"><\/div><\/div><\/div><\/div><div class=\"fusion-clearfix\"><\/div><\/div><\/div><div class=\"fusion-layout-column fusion_builder_column fusion-builder-column-8 fusion_builder_column_1_2 1_2 fusion-one-half fusion-column-last\" style=\"width:48%;margin-top:0px;margin-bottom:0px;\"><div class=\"fusion-column-wrapper fusion-flex-column-wrapper-legacy\" style=\"background-position:left top;background-blend-mode: overlay;background-repeat:no-repeat;-webkit-background-size:cover;-moz-background-size:cover;-o-background-size:cover;background-size:cover;padding: 0px 50px 0px 50px;\"><div class=\"fusion-sep-clear\"><\/div><div class=\"fusion-separator fusion-full-width-sep\" style=\"margin-left: auto;margin-right: auto;margin-top:20px;width:100%;\"><\/div><div class=\"fusion-sep-clear\"><\/div><span class=\" fusion-imageframe imageframe-none imageframe-5 hover-type-zoomin\"><img width=\"650\" height=\"400\" src=\"http:\/\/pacificweb1.79pro.com\/wp-content\/uploads\/2021\/03\/sostenibilidad-1.jpg\" class=\"img-responsive wp-image-2032\" srcset=\"https:\/\/pacificfreezing.com\/wp-content\/uploads\/2021\/03\/sostenibilidad-1-200x123.jpg 200w, https:\/\/pacificfreezing.com\/wp-content\/uploads\/2021\/03\/sostenibilidad-1-400x246.jpg 400w, https:\/\/pacificfreezing.com\/wp-content\/uploads\/2021\/03\/sostenibilidad-1-600x369.jpg 600w, https:\/\/pacificfreezing.com\/wp-content\/uploads\/2021\/03\/sostenibilidad-1.jpg 650w\" sizes=\"(max-width: 800px) 100vw, 600px\" \/><\/span><div class=\"fusion-sep-clear\"><\/div><div class=\"fusion-separator fusion-full-width-sep\" style=\"margin-left: auto;margin-right: auto;margin-top:20px;width:100%;\"><\/div><div class=\"fusion-sep-clear\"><\/div><span class=\" fusion-imageframe imageframe-none imageframe-6 hover-type-zoomin\"><img width=\"650\" height=\"400\" src=\"http:\/\/pacificweb1.79pro.com\/wp-content\/uploads\/2021\/03\/sostenibilidad_embarcacion.jpg\" class=\"img-responsive wp-image-2087\" srcset=\"https:\/\/pacificfreezing.com\/wp-content\/uploads\/2021\/03\/sostenibilidad_embarcacion-200x123.jpg 200w, https:\/\/pacificfreezing.com\/wp-content\/uploads\/2021\/03\/sostenibilidad_embarcacion-400x246.jpg 400w, https:\/\/pacificfreezing.com\/wp-content\/uploads\/2021\/03\/sostenibilidad_embarcacion-600x369.jpg 600w, https:\/\/pacificfreezing.com\/wp-content\/uploads\/2021\/03\/sostenibilidad_embarcacion.jpg 650w\" sizes=\"(max-width: 800px) 100vw, 600px\" \/><\/span><div class=\"fusion-sep-clear\"><\/div><div class=\"fusion-separator fusion-full-width-sep\" style=\"margin-left: auto;margin-right: auto;margin-top:20px;width:100%;\"><\/div><div class=\"fusion-sep-clear\"><\/div><div class=\"fusion-clearfix\"><\/div><\/div><\/div><\/div><\/div><div class=\"fusion-fullwidth fullwidth-box fusion-builder-row-7 nonhundred-percent-fullwidth non-hundred-percent-height-scrolling\" style=\"background-color: rgba(255,255,255,0);background-position: center center;background-repeat: no-repeat;padding-top:0px;padding-right:0px;padding-bottom:0px;padding-left:0px;margin-bottom: 0px;margin-top: 0px;border-width: 0px 0px 0px 0px;border-color:transparent;border-style:solid;\" ><div class=\"fusion-builder-row fusion-row\"><div class=\"fusion-layout-column fusion_builder_column fusion-builder-column-9 fusion_builder_column_1_1 1_1 fusion-one-full fusion-column-first fusion-column-last\" style=\"margin-top:0px;margin-bottom:20px;\"><div class=\"fusion-column-wrapper fusion-flex-column-wrapper-legacy\" style=\"background-position:left top;background-repeat:no-repeat;-webkit-background-size:cover;-moz-background-size:cover;-o-background-size:cover;background-size:cover;padding: 0px 0px 0px 0px;\"><div class=\"fusion-sep-clear\"><\/div><div class=\"fusion-separator fusion-full-width-sep\" style=\"margin-left: auto;margin-right: auto;margin-top:60px;width:100%;\"><\/div><div class=\"fusion-sep-clear\"><\/div><div class=\"fusion-clearfix\"><\/div><\/div><\/div><\/div><\/div><\/p>\n","protected":false},"excerpt":{"rendered":"","protected":false},"author":1,"featured_media":0,"parent":0,"menu_order":0,"comment_status":"closed","ping_status":"open","template":"100-width.php","meta":[],"_links":{"self":[{"href":"https:\/\/pacificfreezing.com\/es\/wp-json\/wp\/v2\/pages\/905"}],"collection":[{"href":"https:\/\/pacificfreezing.com\/es\/wp-json\/wp\/v2\/pages"}],"about":[{"href":"https:\/\/pacificfreezing.com\/es\/wp-json\/wp\/v2\/types\/page"}],"author":[{"embeddable":true,"href":"https:\/\/pacificfreezing.com\/es\/wp-json\/wp\/v2\/users\/1"}],"replies":[{"embeddable":true,"href":"https:\/\/pacificfreezing.com\/es\/wp-json\/wp\/v2\/comments?post=905"}],"version-history":[{"count":124,"href":"https:\/\/pacificfreezing.com\/es\/wp-json\/wp\/v2\/pages\/905\/revisions"}],"predecessor-version":[{"id":4138,"href":"https:\/\/pacificfreezing.com\/es\/wp-json\/wp\/v2\/pages\/905\/revisions\/4138"}],"wp:attachment":[{"href":"https:\/\/pacificfreezing.com\/es\/wp-json\/wp\/v2\/media?parent=905"}],"curies":[{"name":"wp","href":"https:\/\/api.w.org\/{rel}","templated":true}]}}